{"id":59,"date":"2021-03-27T08:31:48","date_gmt":"2021-03-27T08:31:48","guid":{"rendered":"https:\/\/vipkunde.com\/?post_type=product&#038;p=59"},"modified":"2022-11-28T12:09:42","modified_gmt":"2022-11-28T12:09:42","slug":"sonnencreme-set","status":"publish","type":"product","link":"https:\/\/vipkunde.com\/index.php\/produkt\/sonnencreme-set\/","title":{"rendered":"Sonnencreme Set"},"content":{"rendered":"<p class=\"product--title\"><strong>Aloe Sunscreen<\/strong><\/p>\n<p>Sonnencreme (LSF 30) mit Aloe Vera.<\/p>\n<div class=\"product--description\">\n<p>Lass die Sonne rein! Mit Aloe Sunscreen kannst Du ohne Bedenken die warmen Sonnenstrahlen genie\u00dfen. Die wasserfeste Formel bietet Lichtschutzfaktor 30 und sch\u00fctzt vor sch\u00e4dlichen UVA- und UVB-Strahlen. Durch reines Aloe-Vera-Gel wird die sonnengek\u00fcsste Haut mit viel Feuchtigkeit versorgt. Aloe Sunscreen bietet Schutz f\u00fcr die ganze Familie und das bei allen Abenteuern im Freien.<\/p>\n<\/div>\n","protected":false},"excerpt":{"rendered":"<p class=\"product--title\"><strong>Aloe Sunscreen<\/strong><\/p>\n<p>Sonnencreme (LSF 30) mit Aloe Vera.<\/p>\n","protected":false},"featured_media":60,"comment_status":"open","ping_status":"closed","template":"","meta":[],"class_list":["post-59","product","type-product","status-publish","has-post-thumbnail","hentry","product_cat-ostern","product_tag-ostern","product_tag-sonnencreme","product_tag-sunscreen","latest_post"],"_links":{"self":[{"href":"https:\/\/vipkunde.com\/index.php\/wp-json\/wp\/v2\/product\/59","targetHints":{"allow":["GET"]}}],"collection":[{"href":"https:\/\/vipkunde.com\/index.php\/wp-json\/wp\/v2\/product"}],"about":[{"href":"https:\/\/vipkunde.com\/index.php\/wp-json\/wp\/v2\/types\/product"}],"replies":[{"embeddable":true,"href":"https:\/\/vipkunde.com\/index.php\/wp-json\/wp\/v2\/comments?post=59"}],"wp:featuredmedia":[{"embeddable":true,"href":"https:\/\/vipkunde.com\/index.php\/wp-json\/wp\/v2\/media\/60"}],"wp:attachment":[{"href":"https:\/\/vipkunde.com\/index.php\/wp-json\/wp\/v2\/media?parent=59"}],"curies":[{"name":"wp","href":"https:\/\/api.w.org\/{rel}","templated":true}]}}