{"id":57,"date":"2021-03-27T08:30:47","date_gmt":"2021-03-27T08:30:47","guid":{"rendered":"https:\/\/vipkunde.com\/?post_type=product&#038;p=57"},"modified":"2021-03-29T13:06:52","modified_gmt":"2021-03-29T13:06:52","slug":"flotte-biene-set","status":"publish","type":"product","link":"https:\/\/vipkunde.com\/index.php\/produkt\/flotte-biene-set\/","title":{"rendered":"Flotte Biene Set"},"content":{"rendered":"<p class=\"product--title\"><strong>Forever Bee Pollen\u2122<\/strong><\/p>\n<p>Das Perfekte aus dem Bienenstock.<\/p>\n<div class=\"product--description\">\n<p>Nahrungserg\u00e4nzungsmittel mit Bienenpollen, wertvollem Honig und Gel\u00e9e Royal.<\/p>\n<p class=\"product--title\"><strong>Forever Bee Honey<\/strong><\/p>\n<p>Bester Bienenhonig, nat\u00fcrlich s\u00fc\u00df und einfach zu verdauen. Die Rohstoffe f\u00fcr dieses ausgezeichnete Produkt werden in den unber\u00fchrten Hochebenen Spaniens gewonnen.<\/p>\n<div class=\"product--description\">Bester Bienenhonig aus den Hochebenen Spaniens. Mit seinem Gehalt an Frucht- und Traubenzucker sowie vielen Mikron\u00e4hrstoffen ist er ein idealer Energiespender f\u00fcr jeden Tag: als Brotaufstrich, pur oder zum S\u00fcssen von Speisen.<\/div>\n<\/div>\n","protected":false},"excerpt":{"rendered":"<p><strong>Forever Bee Pollen\u2122<\/strong><\/p>\n<p>Nahrungserg\u00e4nzungsmittel mit Bienenpollen<\/p>\n<p><strong>Forever Bee Honey<\/strong><\/p>\n<p>Bester Bienenhonig, nat\u00fcrlich s\u00fc\u00df und einfach zu verdauen. Bester Bienenhonig aus den Hochebenen Spaniens.<\/p>\n","protected":false},"featured_media":150,"comment_status":"open","ping_status":"closed","template":"","meta":[],"class_list":["post-57","product","type-product","status-publish","has-post-thumbnail","hentry","product_cat-ostern","product_tag-bee","product_tag-bee-pollen","product_tag-brotaufstrich","product_tag-flotte-biene","product_tag-honig","product_tag-nahrungsergaenzungsmittel","product_tag-ostern","product_tag-pollen","latest_post"],"_links":{"self":[{"href":"https:\/\/vipkunde.com\/index.php\/wp-json\/wp\/v2\/product\/57","targetHints":{"allow":["GET"]}}],"collection":[{"href":"https:\/\/vipkunde.com\/index.php\/wp-json\/wp\/v2\/product"}],"about":[{"href":"https:\/\/vipkunde.com\/index.php\/wp-json\/wp\/v2\/types\/product"}],"replies":[{"embeddable":true,"href":"https:\/\/vipkunde.com\/index.php\/wp-json\/wp\/v2\/comments?post=57"}],"wp:featuredmedia":[{"embeddable":true,"href":"https:\/\/vipkunde.com\/index.php\/wp-json\/wp\/v2\/media\/150"}],"wp:attachment":[{"href":"https:\/\/vipkunde.com\/index.php\/wp-json\/wp\/v2\/media?parent=57"}],"curies":[{"name":"wp","href":"https:\/\/api.w.org\/{rel}","templated":true}]}}