{"id":55,"date":"2021-03-27T08:29:28","date_gmt":"2021-03-27T08:29:28","guid":{"rendered":"https:\/\/vipkunde.com\/?post_type=product&#038;p=55"},"modified":"2026-02-21T00:14:04","modified_gmt":"2026-02-21T00:14:04","slug":"shampoo-set","status":"publish","type":"product","link":"https:\/\/vipkunde.com\/index.php\/produkt\/shampoo-set\/","title":{"rendered":"Shampoo Set"},"content":{"rendered":"<p class=\"product--title\"><strong>Aloe-Jojoba Shampoo<\/strong><\/p>\n<p>Aloe-Vera-Shampoo &amp; Aloe-Vera-Pflegesp\u00fclung. Besonders mild zur Kopfhaut. F\u00fcr alle Haarzust\u00e4nde geeignet.<\/p>\n<div class=\"product--description\">Ein hoher Anteil an reinem Aloe-Vera-Gel in Kombination mit pflegenden \u00d6len von der Jojobabohne, Hagebutte und von Lavendel. Dadurch erh\u00e4lt das Haar viel Feuchtigkeit, N\u00e4hrstoffe und Kraft. Zus\u00e4tzlich schafft das Shampoo Volumen, regeneriert die Kopfhaut und verleiht dem Haar abschliessend einen verf\u00fchrerischen Lavendel-Duft.<\/div>\n<div><\/div>\n<div>\n<p class=\"product--title\">\n<p class=\"product--title\"><strong>Aloe-Jojoba Conditioning Rinse<\/strong><\/p>\n<div class=\"product--description\">Pflegesp\u00fclung mit viel Aloe Vera, die das Haar nicht beschwert und f\u00fcr kontrollierbares und leicht k\u00e4mmbares Haar sorgt. Jojoba\u00f6l liefert eine Extraportion Feuchtigkeit, Macadamianuss\u00f6l und Sonnenblumenkern\u00f6l verleihen dem Haar viel Geschmeidigkeit. Lavendel\u00f6l verw\u00f6hnt die Sinne und beruhigt die Kopfhaut. Das Ergebnis ist gesundes Haar mit lebendigem Schwung und Glanz.<\/div>\n<\/div>\n","protected":false},"excerpt":{"rendered":"<p class=\"product--title\"><strong>Aloe-Jojoba Shampoo &amp; <\/strong><strong>Aloe-Jojoba Conditioning Rinse<\/strong><\/p>\n<p>Aloe-Vera-Shampoo &amp; Aloe-Vera-Pflegesp\u00fclung. Besonders mild zur Kopfhaut. F\u00fcr alle Haarzust\u00e4nde geeignet.<\/p>\n","protected":false},"featured_media":56,"comment_status":"open","ping_status":"closed","template":"","meta":[],"class_list":["post-55","product","type-product","status-publish","has-post-thumbnail","hentry","product_cat-ostern","product_tag-conditioning","product_tag-jojoba","product_tag-ostern","product_tag-pflegespuelung","product_tag-shampoo","product_tag-shampoo-set","latest_post"],"_links":{"self":[{"href":"https:\/\/vipkunde.com\/index.php\/wp-json\/wp\/v2\/product\/55","targetHints":{"allow":["GET"]}}],"collection":[{"href":"https:\/\/vipkunde.com\/index.php\/wp-json\/wp\/v2\/product"}],"about":[{"href":"https:\/\/vipkunde.com\/index.php\/wp-json\/wp\/v2\/types\/product"}],"replies":[{"embeddable":true,"href":"https:\/\/vipkunde.com\/index.php\/wp-json\/wp\/v2\/comments?post=55"}],"wp:featuredmedia":[{"embeddable":true,"href":"https:\/\/vipkunde.com\/index.php\/wp-json\/wp\/v2\/media\/56"}],"wp:attachment":[{"href":"https:\/\/vipkunde.com\/index.php\/wp-json\/wp\/v2\/media?parent=55"}],"curies":[{"name":"wp","href":"https:\/\/api.w.org\/{rel}","templated":true}]}}