{"id":154,"date":"2021-05-04T07:45:51","date_gmt":"2021-05-04T07:45:51","guid":{"rendered":"https:\/\/vipkunde.com\/?post_type=product&#038;p=154"},"modified":"2021-05-04T07:48:11","modified_gmt":"2021-05-04T07:48:11","slug":"aloe-skin","status":"publish","type":"product","link":"https:\/\/vipkunde.com\/index.php\/produkt\/aloe-skin\/","title":{"rendered":"aloe skin"},"content":{"rendered":"<p><iframe loading=\"lazy\" title=\"YouTube video player\" src=\"https:\/\/www.youtube.com\/embed\/SlcdfBEAd-E?controls=0\" width=\"560\" height=\"315\" frameborder=\"0\" allowfullscreen=\"allowfullscreen\"><\/iframe><\/p>\n<blockquote>\n<pre class=\"benefits--subtitle\">Du kannst den Zustand deiner Haut beeinflussen \u2013 von innen heraus. Mit dem aloe skin Set sorgst du f\u00fcr Sch\u00f6nheit von innen. Ein 30-Tage-Programm f\u00fcr die Beauty.<\/pre>\n<\/blockquote>\n<h3><\/h3>\n<h3 class=\"benefits--subtitle\">WAHRE SCH\u00d6NHEIT KOMMT VON INNEN<\/h3>\n<p class=\"benefits--text\">Die Redewendung \u201cWahre Sch\u00f6nheit kommt von innen\u201d hast du sicher schon geh\u00f6rt. Diese Weisheit macht sich das aloe skin Set zu eigen: Schlie\u00dflich versorgen sechs Spitzenprodukte von Forever deine Haut und deinen K\u00f6rper von innen heraus. Wichtige N\u00e4hr- und Vitalstoffe machen somit den Unterschied \u2013 nat\u00fcrliche Sch\u00f6nheit von innen mit Forever.<\/p>\n<h3 class=\"benefits--subtitle\">SUPERFOOD F\u00dcR DEINE AUSSTRAHLUNG<\/h3>\n<p class=\"benefits--text\">Dein Alltag ist stressig? Du schaffst es so oft nicht, dir die t\u00e4gliche Portion an wichtigen Mineral- und N\u00e4hrstoffen zuzuf\u00fchren? \u00dcberdies nimmt die t\u00e4gliche Umweltbelastung durch Abgase, Pestizide &amp; Co zu. Ebenso hinterlassen UV-Strahlen, Alkohol und Nikotin Spuren.<\/p>\n<h3 class=\"benefits--subtitle\">DEINE HAUT MUSS IM GLEICHGEWICHT SEIN<\/h3>\n<p class=\"benefits--text\">Gesunde Ern\u00e4hrung und ein gesunder Lebensstil sind dahingegen die beste Methode, um deine Haut m\u00f6glichst lange jung zu halten. Die Haut ist schlie\u00dflich dein gr\u00f6\u00dftes Organ. Zumal Prozesse im K\u00f6rperinneren den Zustand beeinflussen und unterst\u00fctzen. Nicht umsonst hei\u00dft es im Volksmund: Die Haut ist ein Spiegel der Seele. Damit deine Haut richtig strahlen kann, muss alles im Gleichgewicht sein. Demgem\u00e4\u00df: Wichtige N\u00e4hr- und Anti-Aging-Stoffe k\u00f6nnen den optimalen Ablauf dieser Vorg\u00e4nge positiv unterst\u00fctzen. Deshalb haben wir das aloe skin Set entwickelt: Eine 30-Tage-Beauty-Kur f\u00fcr dich und deinen K\u00f6rper \u2013 Superfood f\u00fcr den Glow-Faktor. Wahre Sch\u00f6nheit beginnt von innen.<\/p>\n<p>&nbsp;<\/p>\n<p><strong>Inhalt:<\/strong><br \/>\n1 x 715 Forever Aloe Vera Gel\u2122<br \/>\n1 x 734 Forever Aloe Berry Nectar\u2122<br \/>\n1 x 777 Forever Aloe Peaches\u2122<br \/>\n1 x 264 Forever Active HA<sup>\u00ae<\/sup><br \/>\n1 x 312 Forever Nutra Q10\u2122<br \/>\n1 x 610 Forever Active Pro-B\u2122<br \/>\n1 x Trinkbecher (mit ml-Abmessung)<\/p>\n<p>&nbsp;<\/p>\n<h3>Diese Artikel k\u00f6nnten sie ebenfalls interessieren:<\/h3>\n<h3><img loading=\"lazy\" decoding=\"async\" class=\"size-medium wp-image-156 alignleft\" src=\"https:\/\/vipkunde.com\/wp-content\/uploads\/2021\/05\/unreine-haut-aloe-vera-300x125.jpg\" alt=\"\" width=\"300\" height=\"125\" srcset=\"https:\/\/vipkunde.com\/wp-content\/uploads\/2021\/05\/unreine-haut-aloe-vera-300x125.jpg 300w, https:\/\/vipkunde.com\/wp-content\/uploads\/2021\/05\/unreine-haut-aloe-vera-1024x427.jpg 1024w, https:\/\/vipkunde.com\/wp-content\/uploads\/2021\/05\/unreine-haut-aloe-vera-768x320.jpg 768w, https:\/\/vipkunde.com\/wp-content\/uploads\/2021\/05\/unreine-haut-aloe-vera-1536x640.jpg 1536w, https:\/\/vipkunde.com\/wp-content\/uploads\/2021\/05\/unreine-haut-aloe-vera-144x60.jpg 144w, https:\/\/vipkunde.com\/wp-content\/uploads\/2021\/05\/unreine-haut-aloe-vera-600x250.jpg 600w, https:\/\/vipkunde.com\/wp-content\/uploads\/2021\/05\/unreine-haut-aloe-vera.jpg 1920w\" sizes=\"auto, (max-width: 300px) 100vw, 300px\" \/> <a href=\"https:\/\/forever-yours.eu\/ch\/was-tun-bei-unreiner-haut-aloe-vera-pflegt\/?utm_medium=magazin&amp;utm_source=forever-living-online-shop&amp;utm_lang=de_de\">WAS TUN BEI UNREINER HAUT? ALOE VERA PFLEGT!<\/a><\/h3>\n<div class=\"entry-summary result-small-width clearfix\">Aloe Vera ist ein nat\u00fcrlicher Feuchtigkeitsspender, der fettfrei pflegt. Wertvolle Inhaltsstoffe haben einen beruhigenden Effekt, auch bei&#8230;<br \/>\n<a href=\"https:\/\/forever-yours.eu\/ch\/was-tun-bei-unreiner-haut-aloe-vera-pflegt\/?utm_medium=magazin&amp;utm_source=forever-living-online-shop&amp;utm_lang=de_de\">Weiterlesen<\/a><\/div>\n<p>&nbsp;<\/p>\n<p>&nbsp;<\/p>\n<p><img loading=\"lazy\" decoding=\"async\" class=\"size-medium wp-image-155 alignleft\" src=\"https:\/\/vipkunde.com\/wp-content\/uploads\/2021\/05\/aloe-skin-touch-schoenheit-von-innen-titel-2-300x125.jpg\" alt=\"\" width=\"300\" height=\"125\" srcset=\"https:\/\/vipkunde.com\/wp-content\/uploads\/2021\/05\/aloe-skin-touch-schoenheit-von-innen-titel-2-300x125.jpg 300w, https:\/\/vipkunde.com\/wp-content\/uploads\/2021\/05\/aloe-skin-touch-schoenheit-von-innen-titel-2-1024x427.jpg 1024w, https:\/\/vipkunde.com\/wp-content\/uploads\/2021\/05\/aloe-skin-touch-schoenheit-von-innen-titel-2-768x320.jpg 768w, https:\/\/vipkunde.com\/wp-content\/uploads\/2021\/05\/aloe-skin-touch-schoenheit-von-innen-titel-2-1536x640.jpg 1536w, https:\/\/vipkunde.com\/wp-content\/uploads\/2021\/05\/aloe-skin-touch-schoenheit-von-innen-titel-2-144x60.jpg 144w, https:\/\/vipkunde.com\/wp-content\/uploads\/2021\/05\/aloe-skin-touch-schoenheit-von-innen-titel-2-600x250.jpg 600w, https:\/\/vipkunde.com\/wp-content\/uploads\/2021\/05\/aloe-skin-touch-schoenheit-von-innen-titel-2.jpg 1920w\" sizes=\"auto, (max-width: 300px) 100vw, 300px\" \/><\/p>\n<div class=\"entry-header result-small-width\">\n<h3 class=\"entry-title blog-entry-title\"><a href=\"https:\/\/forever-yours.eu\/ch\/schoenheit-von-innen\/?utm_medium=magazin&amp;utm_source=forever-living-online-shop&amp;utm_lang=de_de\">SCH\u00d6NHEIT VON INNEN: EIN 30-TAGE-PROGRAMM F\u00dcR SCH\u00d6NE HAUT<\/a><\/h3>\n<\/div>\n<div class=\"entry-summary result-small-width clearfix\">Du kannst den Zustand deiner Haut beeinflussen: Mit dem ALOE SKIN TOUCH inkl. Aloe-Vera-Drinks kannst du deine Sch\u00f6nheit von innen heraus versorgen.<br \/>\n<a href=\"https:\/\/forever-yours.eu\/ch\/schoenheit-von-innen\/?utm_medium=magazin&amp;utm_source=forever-living-online-shop&amp;utm_lang=de_de\">Weiterlesen<\/a><\/div>\n","protected":false},"excerpt":{"rendered":"<h2>Sch\u00f6nheit von Innen<\/h2>\n<p>F\u00fcr aloe skin haben wir vier unserer Topseller-Produkte miteinander kombiniert, deren Hauptinhaltsstoffe ideal aufeinander abgestimmt sind und deine Haut von innen heraus optimal unterst\u00fctzen. Diese 30-Tage-Beauty-Kur versorgt dich mit allen wichtigen Vitaminen und Mineralien und ist geeignet f\u00fcr jeden Hautzustand. Ganz easy &#8211; mit deinem pers\u00f6nlichen Skincare-Plan. F\u00fchle dich wohl in deiner Haut, mit aloe skin.<\/p>\n","protected":false},"featured_media":158,"comment_status":"open","ping_status":"closed","template":"","meta":[],"class_list":["post-154","product","type-product","status-publish","has-post-thumbnail","hentry","product_cat-gesichtspflege","product_tag-aloe-skin","product_tag-aloe-vera-skin-care","latest_post"],"_links":{"self":[{"href":"https:\/\/vipkunde.com\/index.php\/wp-json\/wp\/v2\/product\/154","targetHints":{"allow":["GET"]}}],"collection":[{"href":"https:\/\/vipkunde.com\/index.php\/wp-json\/wp\/v2\/product"}],"about":[{"href":"https:\/\/vipkunde.com\/index.php\/wp-json\/wp\/v2\/types\/product"}],"replies":[{"embeddable":true,"href":"https:\/\/vipkunde.com\/index.php\/wp-json\/wp\/v2\/comments?post=154"}],"wp:featuredmedia":[{"embeddable":true,"href":"https:\/\/vipkunde.com\/index.php\/wp-json\/wp\/v2\/media\/158"}],"wp:attachment":[{"href":"https:\/\/vipkunde.com\/index.php\/wp-json\/wp\/v2\/media?parent=154"}],"curies":[{"name":"wp","href":"https:\/\/api.w.org\/{rel}","templated":true}]}}